{"id":104,"date":"2022-09-15T14:40:17","date_gmt":"2022-09-15T12:40:17","guid":{"rendered":"https:\/\/www.gemeindebot.de\/?page_id=104"},"modified":"2022-11-10T16:39:36","modified_gmt":"2022-11-10T15:39:36","slug":"impressum","status":"publish","type":"page","link":"https:\/\/gemeindebot.de\/?page_id=104","title":{"rendered":"Impressum"},"content":{"rendered":"\n<h1 class=\"wp-block-heading\"><strong>KRICK.COM GMBH + CO. KG<\/strong><\/h1>\n\n\n\n<p>Mainparkring 4<br>97246&nbsp;Eibelstadt<\/p>\n\n\n\n<p>Telefon:&nbsp;<a target=\"_blank\" rel=\"noreferrer noopener\" href=\"tel:+498000057425\">+49 800 005 7425<\/a><br>E-Mail:&nbsp;<a target=\"_blank\" rel=\"noreferrer noopener\" href=\"mailto:service@krick.com\">service@krick.com<\/a><\/p>\n\n\n\n<p>AG W\u00fcrzburg HRA 7837<br>USt.-ID-Nr. DE 315892653<\/p>\n\n\n\n<p><strong>Pers\u00f6nlich haftende Gesellschafterin:<\/strong><br>Krick Management GmbH<br>AG W\u00fcrzburg HRB 13919<\/p>\n\n\n\n<p><strong>Gesch\u00e4ftsf\u00fchrer:<\/strong><br>Dr. Klaus D. Mapara<br>Uta Mapara<\/p>\n\n\n\n<p>Inhaltlich Verantwortlicher gem\u00e4\u00df \u00a7 18 Abs. 2 MStV:<br>Dr. Klaus D. Mapara<br>(Anschrift siehe oben)<\/p>\n\n\n\n<p>Die Europ\u00e4ische Kommission stellt eine Plattform f\u00fcr die au\u00dfergerichtliche Online-Streitbeilegung (OS-Plattform) bereit, die unter&nbsp;<a target=\"_blank\" rel=\"noreferrer noopener\" href=\"https:\/\/ec.europa.eu\/consumers\/odr\/main\/index.cfm?event=main.home2.show&amp;lng=DE\">www.ec.europa.eu\/consumers\/odr<\/a>&nbsp;aufrufbar ist. Unsere E-Mail-Adresse finden Sie in unserem Impressum. Wir sind weder verpflichtet noch bereit, an dem Streitschlichtungsverfahren teilzunehmen.<\/p>\n\n\n\n<p>Das Impressum gilt auch f\u00fcr folgende Social Media-Auftritte des Robert Krick Verlags bzw. der Krick Unternehmensfamilie:<\/p>\n\n\n\n<p>Facebook:&nbsp;<a target=\"_blank\" href=\"http:\/\/www.facebook.com\/krickverlag\" rel=\"noreferrer noopener\">www.facebook.com\/krickverlag<\/a><\/p>\n\n\n\n<p>Instagram:&nbsp;<a target=\"_blank\" href=\"https:\/\/www.instagram.com\/krick_com\" rel=\"noreferrer noopener\">https:\/\/www.instagram.com\/krick_com<\/a><\/p>\n\n\n\n<p>Twitter:&nbsp;<a target=\"_blank\" href=\"https:\/\/twitter.com\/krick_com\" rel=\"noreferrer noopener\">https:\/\/twitter.com\/krick_com<\/a><\/p>\n\n\n\n<p>LinkedIn:&nbsp;<a target=\"_blank\" href=\"https:\/\/www.linkedin.com\/company\/krickcom\" rel=\"noreferrer noopener\">https:\/\/www.linkedin.com\/company\/krickcom<\/a><\/p>\n\n\n\n<p>Xing:&nbsp;<a target=\"_blank\" href=\"https:\/\/www.xing.com\/pages\/krick-com\" rel=\"noreferrer noopener\">https:\/\/www.xing.com\/pages\/krick-com<\/a><\/p>\n\n\n\n<p>Alle Rechte vorbehalten. Die auf der Website verwendeten Texte, Bilder, Grafiken, Dateien usw. unterliegen dem Urheberrecht und anderen Gesetzen zum Schutz des geistigen Eigentums. Ihre Weitergabe, Ver\u00e4nderung, gewerbliche Nutzung oder Verwendung in anderen Websites oder Medien ist nicht gestattet.<\/p>\n","protected":false},"excerpt":{"rendered":"<p>KRICK.COM GMBH + CO. KG Mainparkring 497246&nbsp;Eibelstadt Telefon:&nbsp;+49 800 005 7425E-Mail:&nbsp;service@krick.com AG W\u00fcrzburg HRA 7837USt.-ID-Nr. DE 315892653 Pers\u00f6nlich haftende Gesellschafterin:Krick Management GmbHAG W\u00fcrzburg HRB 13919 Gesch\u00e4ftsf\u00fchrer:Dr. Klaus D. MaparaUta Mapara Inhaltlich Verantwortlicher gem\u00e4\u00df \u00a7 18 Abs. 2 MStV:Dr. Klaus D. Mapara(Anschrift siehe oben) Die Europ\u00e4ische Kommission stellt eine Plattform f\u00fcr [&hellip;]<\/p>\n","protected":false},"author":1,"featured_media":0,"parent":0,"menu_order":0,"comment_status":"closed","ping_status":"closed","template":"","meta":{"footnotes":""},"class_list":["post-104","page","type-page","status-publish","hentry"],"_links":{"self":[{"href":"https:\/\/gemeindebot.de\/index.php?rest_route=\/wp\/v2\/pages\/104","targetHints":{"allow":["GET"]}}],"collection":[{"href":"https:\/\/gemeindebot.de\/index.php?rest_route=\/wp\/v2\/pages"}],"about":[{"href":"https:\/\/gemeindebot.de\/index.php?rest_route=\/wp\/v2\/types\/page"}],"author":[{"embeddable":true,"href":"https:\/\/gemeindebot.de\/index.php?rest_route=\/wp\/v2\/users\/1"}],"replies":[{"embeddable":true,"href":"https:\/\/gemeindebot.de\/index.php?rest_route=%2Fwp%2Fv2%2Fcomments&post=104"}],"version-history":[{"count":2,"href":"https:\/\/gemeindebot.de\/index.php?rest_route=\/wp\/v2\/pages\/104\/revisions"}],"predecessor-version":[{"id":124,"href":"https:\/\/gemeindebot.de\/index.php?rest_route=\/wp\/v2\/pages\/104\/revisions\/124"}],"wp:attachment":[{"href":"https:\/\/gemeindebot.de\/index.php?rest_route=%2Fwp%2Fv2%2Fmedia&parent=104"}],"curies":[{"name":"wp","href":"https:\/\/api.w.org\/{rel}","templated":true}]}}