{"id":82,"date":"2022-09-15T11:36:34","date_gmt":"2022-09-15T09:36:34","guid":{"rendered":"https:\/\/www.gemeindebot.de\/?page_id=82"},"modified":"2022-11-30T09:22:02","modified_gmt":"2022-11-30T08:22:02","slug":"demo","status":"publish","type":"page","link":"https:\/\/gemeindebot.de\/?page_id=82","title":{"rendered":"Demo"},"content":{"rendered":"\n<h2 class=\"wp-block-heading\">Installation<\/h2>\n\n\n\n<p>Um Kontakt mit dem Demo Bot aufzunehmen m\u00fcssen Sie nichts weiter tun als folgenden QR Code zu scannen. Falls die kostenlose und datenschutzkonforme (<a href=\"https:\/\/praxistipps.chip.de\/datenschutz-und-sicherheit-bei-signal-das-muessen-sie-wissen_128413\" data-type=\"URL\" data-id=\"https:\/\/praxistipps.chip.de\/datenschutz-und-sicherheit-bei-signal-das-muessen-sie-wissen_128413\">Hier erfahren sie mehr dazu<\/a>)Messenger App Signal nicht installiert ist, werden sie erst in den jeweiligen App Store ihres Betriebsystems geleitet. Andernfalls \u00f6ffnet sich sofort der Chatscreen des GemeindeBots und sie k\u00f6nnen los legen.<\/p>\n\n\n<div class=\"wp-block-image is-style-default\">\n<figure class=\"aligncenter size-large is-resized\"><a href=\"https:\/\/www.gemeindebot.de\/wp-content\/uploads\/2022\/09\/qr-code.png\"><img loading=\"lazy\" decoding=\"async\" src=\"https:\/\/www.gemeindebot.de\/wp-content\/uploads\/2022\/09\/qr-code-1024x1024.png\" alt=\"QR Code den Demo GemeindeBot im Signal Messenger zu \u00f6ffnen\" class=\"wp-image-83\" width=\"322\" height=\"322\" srcset=\"https:\/\/gemeindebot.de\/wp-content\/uploads\/2022\/09\/qr-code-1024x1024.png 1024w, https:\/\/gemeindebot.de\/wp-content\/uploads\/2022\/09\/qr-code-300x300.png 300w, https:\/\/gemeindebot.de\/wp-content\/uploads\/2022\/09\/qr-code-150x150.png 150w, https:\/\/gemeindebot.de\/wp-content\/uploads\/2022\/09\/qr-code-768x768.png 768w, https:\/\/gemeindebot.de\/wp-content\/uploads\/2022\/09\/qr-code.png 1148w\" sizes=\"auto, (max-width: 322px) 100vw, 322px\" \/><\/a><figcaption class=\"wp-element-caption\">QR Code den Demo GemeindeBot im Signal Messenger zu \u00f6ffnen<\/figcaption><\/figure>\n<\/div>\n\n\n<h2 class=\"wp-block-heading\">Interaktion mit dem Bot<\/h2>\n\n\n\n<p>Der Demo Bot hat aktuell vier Funktionen. Wir planen weitere in Zukunft mit aufzunehmen.<\/p>\n\n\n\n<h3 class=\"wp-block-heading\">Aktuelles in und um die Gemeinde<\/h3>\n\n\n\n<p>Tippen Sie &#8222;<strong>Was gibt&#8217;s neues<\/strong>&#8220; in das Chatfeld. Der Bot antwortet ihnen mit den aktuellen News die er aus den konfigurierten Quellen zusammengetragen hat.<\/p>\n\n\n\n<h3 class=\"wp-block-heading\">Nichts mehr verpassen &#8211; Neuigkeiten immer sofort aufs Smartphone<\/h3>\n\n\n\n<p>Unser Bot pr\u00fcft in festen Zeitabst\u00e4nden die Inhalte der konfigurierten Quellen (Im Falle Ihrer Gemeinde k\u00f6nnen z.B. das die Webseite der Stadt, des Landkreises und Webseiten von \u00f6rtlichen Vereinen sein). Als Nutzer haben Sie nun die M\u00f6glichkeit einzelne oder alle Quellen zu abonnieren. Sobald unser Bot neue Meldungen auf diesen Seiten entdeckt erhalten sie eine Push-Mitteilung der Signal App mit einer kurzen Zusammenfassung des Inhalts und einem Link zum Original Text.<\/p>\n\n\n\n<p>Um einen oder mehrere Quellen bzw. Kan\u00e4le zu Abbonieren tippen Sie bitte &#8222;<strong>Abo start<\/strong>&#8220; in das Chatfenster und dr\u00fccken auf Senden. Sie werden nun durch den Abonementprozess begleitet.<\/p>\n\n\n\n<h3 class=\"wp-block-heading\">Schadensmeldung<\/h3>\n\n\n\n<p>B\u00fcrger haben die M\u00f6glichkeit eine Schadensmeldung \u00fcber den Gemeindebot einzureichen. Eine Schadensmeldung beinhaltet Name des Melders, eine Beschreibung, Ort und evtl. ein Foto des Schadens. <\/p>\n\n\n\n<p>Sobald Sie &#8222;Schadensmeldung&#8220; in das Chatfenster tippen und an den Bot schicken f\u00fchrt Sie der Gemeindebot durch den Prozess der Schadensmeldung.<\/p>\n\n\n\n<p>Nach Abschluss der Schadensmeldung wird eine Email an uns mit dem Inhalt Ihrer Schadensmeldung geschickt und Sie erhalten eine Zusammenfassung im Signal Chat. Diese Emails werden regelm\u00e4\u00dfig gel\u00f6scht. Diese Emailadresse wird selbstverst\u00e4ndlich bei einer Zusammenarbeit nach ihren W\u00fcnschen konfiguriert.<\/p>\n\n\n\n<h3 class=\"wp-block-heading\">Hilfe<\/h3>\n\n\n\n<p>Immer wenn der Bot Ihre Anfragen nicht zuordnen kann oder Sie &#8222;<strong>Hilfe<\/strong>&#8220; an Ihn schicken wird eine \u00dcbersicht der m\u00f6glichen Befehle ausgegeben<\/p>\n\n\n\n<h3 class=\"wp-block-heading\">Daten l\u00f6schen<\/h3>\n\n\n\n<p>Datenschutz ist das oberste Gebot unserer Philosophie. Deshalb bietet der Gemeindebot eine absolut den Nutzern eine einfache M\u00f6glichkeit die eignen Daten zu l\u00f6schen. Sobald Sie &#8222;<strong>L\u00f6sche meine Daten<\/strong>&#8220; an den Bot schicken werden diese nach Ihrer Zustimmung sofort gel\u00f6scht. <\/p>\n\n\n\n<p><strong>Hinweis<\/strong>: Alle Nutzer die l\u00e4nger als 30 Tage keine Kommunikation mit dem Bot hatten und keine Nachrichtenkan\u00e4le abboniert, werden nach Ablauf dieser Frist automatisch inklusive ihrer Daten gel\u00f6scht.<\/p>\n\n\n\n<figure class=\"wp-block-video\"><video height=\"720\" style=\"aspect-ratio: 1280 \/ 720;\" width=\"1280\" controls src=\"https:\/\/www.gemeindebot.de\/wp-content\/uploads\/2022\/09\/CutAboVideo.mp4\"><\/video><\/figure>\n","protected":false},"excerpt":{"rendered":"<p>Installation Um Kontakt mit dem Demo Bot aufzunehmen m\u00fcssen Sie nichts weiter tun als folgenden QR Code zu scannen. Falls die kostenlose und datenschutzkonforme (Hier erfahren sie mehr dazu)Messenger App Signal nicht installiert ist, werden sie erst in den jeweiligen App Store ihres Betriebsystems geleitet. Andernfalls \u00f6ffnet sich sofort der [&hellip;]<\/p>\n","protected":false},"author":1,"featured_media":0,"parent":0,"menu_order":0,"comment_status":"closed","ping_status":"closed","template":"","meta":{"footnotes":""},"class_list":["post-82","page","type-page","status-publish","hentry"],"_links":{"self":[{"href":"https:\/\/gemeindebot.de\/index.php?rest_route=\/wp\/v2\/pages\/82","targetHints":{"allow":["GET"]}}],"collection":[{"href":"https:\/\/gemeindebot.de\/index.php?rest_route=\/wp\/v2\/pages"}],"about":[{"href":"https:\/\/gemeindebot.de\/index.php?rest_route=\/wp\/v2\/types\/page"}],"author":[{"embeddable":true,"href":"https:\/\/gemeindebot.de\/index.php?rest_route=\/wp\/v2\/users\/1"}],"replies":[{"embeddable":true,"href":"https:\/\/gemeindebot.de\/index.php?rest_route=%2Fwp%2Fv2%2Fcomments&post=82"}],"version-history":[{"count":10,"href":"https:\/\/gemeindebot.de\/index.php?rest_route=\/wp\/v2\/pages\/82\/revisions"}],"predecessor-version":[{"id":128,"href":"https:\/\/gemeindebot.de\/index.php?rest_route=\/wp\/v2\/pages\/82\/revisions\/128"}],"wp:attachment":[{"href":"https:\/\/gemeindebot.de\/index.php?rest_route=%2Fwp%2Fv2%2Fmedia&parent=82"}],"curies":[{"name":"wp","href":"https:\/\/api.w.org\/{rel}","templated":true}]}}